{"id":163,"date":"2023-12-01T10:06:59","date_gmt":"2023-12-01T10:06:59","guid":{"rendered":"https:\/\/giamelloarredamenti.com\/?page_id=163"},"modified":"2024-01-24T08:57:17","modified_gmt":"2024-01-24T08:57:17","slug":"chi-siamo","status":"publish","type":"page","link":"https:\/\/giamelloarredamenti.com\/index.php\/chi-siamo\/","title":{"rendered":"Chi Siamo"},"content":{"rendered":"\t\t<div data-elementor-type=\"wp-page\" data-elementor-id=\"163\" class=\"elementor elementor-163\" data-elementor-post-type=\"page\">\n\t\t\t\t<div class=\"elementor-element elementor-element-e0d0230 e-flex e-con-boxed e-con e-parent\" data-id=\"e0d0230\" data-element_type=\"container\" data-e-type=\"container\">\n\t\t\t\t\t<div class=\"e-con-inner\">\n\t\t\t\t<div class=\"elementor-element elementor-element-e11fc07 elementor-widget elementor-widget-spacer\" data-id=\"e11fc07\" data-element_type=\"widget\" data-e-type=\"widget\" data-widget_type=\"spacer.default\">\n\t\t\t\t<div class=\"elementor-widget-container\">\n\t\t\t\t\t\t\t<div class=\"elementor-spacer\">\n\t\t\t<div class=\"elementor-spacer-inner\"><\/div>\n\t\t<\/div>\n\t\t\t\t\t\t<\/div>\n\t\t\t\t<\/div>\n\t\t\t\t<div class=\"elementor-element elementor-element-c568a38 elementor-invisible elementor-widget elementor-widget-heading\" data-id=\"c568a38\" data-element_type=\"widget\" data-e-type=\"widget\" data-settings=\"{&quot;_animation&quot;:&quot;zoomIn&quot;}\" data-widget_type=\"heading.default\">\n\t\t\t\t<div class=\"elementor-widget-container\">\n\t\t\t\t\t<h2 class=\"elementor-heading-title elementor-size-default\">chi siamo\n<\/h2>\t\t\t\t<\/div>\n\t\t\t\t<\/div>\n\t\t\t\t<div class=\"elementor-element elementor-element-336ea4c elementor-widget elementor-widget-heading\" data-id=\"336ea4c\" data-element_type=\"widget\" data-e-type=\"widget\" data-widget_type=\"heading.default\">\n\t\t\t\t<div class=\"elementor-widget-container\">\n\t\t\t\t\t<h2 class=\"elementor-heading-title elementor-size-default\">Giamello Arredamenti situata a Castino, \u00e8 un\u2019azienda che si occupa della vendita di arredi , complementi e dello sviluppo di progetti di arredamento.<\/h2>\t\t\t\t<\/div>\n\t\t\t\t<\/div>\n\t\t\t\t<div class=\"elementor-element elementor-element-146d542 elementor-widget elementor-widget-text-editor\" data-id=\"146d542\" data-element_type=\"widget\" data-e-type=\"widget\" data-widget_type=\"text-editor.default\">\n\t\t\t\t<div class=\"elementor-widget-container\">\n\t\t\t\t\t\t\t\t\t<p>Si rivolge a privati, aziende, attivit\u00e0 commerciali e professionisti\u00a0proponendo un servizio competente e completo, dalla consulenza e progettazione di interni, all&#8217;esecuzione dei lavori, alla fornitura di arredi di alta qualit\u00e0 con supporto tecnico e logistico per la consegna e montaggio oltre naturalmente ad un puntuale servizio post-vendita.<\/p><p>La ditta propone prodotti di alcuni dei migliori marchi attualmente presenti sul mercato, mettendo a disposizione del cliente un\u2019ampia gamma di soluzioni capaci di soddisfare gusti ed esigenze molto diverse.<\/p><p>Inoltre, essa \u00e8 collegata alla Falegnameria Giamello che permette la realizzazione di lavori artigianali personalizzati nel campo dell\u2019arredo ed \u00e8 specializzata nella realizzazione di serramenti in legno, porte interne ed esterne, persiane, ante e mobili su misura in legno.<\/p><p>\u00a0<\/p><p><strong>Il<\/strong><strong> nostro scopo \u00e8 soddisfare il cliente attraverso un colloquio che ci consente di individuare e approfondire le <\/strong><strong>s<\/strong><strong>ue esigenze<\/strong><strong>,<\/strong><strong> progettando e personalizzando la soluzione ottimale. Venite a trovarci con la piantina e le misure del <\/strong><strong>v<\/strong><strong>ostro ambiente, potremo da subito disegnare insieme e senza impegno, la migliore idea.<\/strong><\/p>\t\t\t\t\t\t\t\t<\/div>\n\t\t\t\t<\/div>\n\t\t\t\t\t<\/div>\n\t\t\t\t<\/div>\n\t\t<div class=\"elementor-element elementor-element-9114756 e-flex e-con-boxed e-con e-parent\" data-id=\"9114756\" data-element_type=\"container\" data-e-type=\"container\">\n\t\t\t\t\t<div class=\"e-con-inner\">\n\t\t\t\t<div class=\"elementor-element elementor-element-e77617c elementor-widget elementor-widget-spacer\" data-id=\"e77617c\" data-element_type=\"widget\" data-e-type=\"widget\" data-widget_type=\"spacer.default\">\n\t\t\t\t<div class=\"elementor-widget-container\">\n\t\t\t\t\t\t\t<div class=\"elementor-spacer\">\n\t\t\t<div class=\"elementor-spacer-inner\"><\/div>\n\t\t<\/div>\n\t\t\t\t\t\t<\/div>\n\t\t\t\t<\/div>\n\t\t\t\t<div class=\"elementor-element elementor-element-18aee64 elementor-widget elementor-widget-heading\" data-id=\"18aee64\" data-element_type=\"widget\" data-e-type=\"widget\" data-widget_type=\"heading.default\">\n\t\t\t\t<div class=\"elementor-widget-container\">\n\t\t\t\t\t<h2 class=\"elementor-heading-title elementor-size-default\">LA STORIA<\/h2>\t\t\t\t<\/div>\n\t\t\t\t<\/div>\n\t\t\t\t<div class=\"elementor-element elementor-element-51057c4 elementor-widget elementor-widget-heading\" data-id=\"51057c4\" data-element_type=\"widget\" data-e-type=\"widget\" data-widget_type=\"heading.default\">\n\t\t\t\t<div class=\"elementor-widget-container\">\n\t\t\t\t\t<h2 class=\"elementor-heading-title elementor-size-default\">La Giamello Arredamenti  \u00e8 stata fondata a Castino da Giamello Franco negli anni \u201960.\nEssa \u00e8 rappresentata dalle tappe della vita di un uomo, il lascito del suo impegno e del suo lavoro.\n<\/h2>\t\t\t\t<\/div>\n\t\t\t\t<\/div>\n\t\t\t\t<div class=\"elementor-element elementor-element-96b9929 elementor-widget elementor-widget-text-editor\" data-id=\"96b9929\" data-element_type=\"widget\" data-e-type=\"widget\" data-widget_type=\"text-editor.default\">\n\t\t\t\t<div class=\"elementor-widget-container\">\n\t\t\t\t\t\t\t\t\t<p>L\u2019onest\u00e0, la trasparenza nei rapporti umani e il massimo impegno hanno caratterizzato fin dagli anni \u201960 la storia lavorativa del nostro fondatore, che ha avuto inizio in un piccolo laboratorio di falegnameria.<\/p><p><strong>Oggi, mantenendo vivo lo spirito e la volont\u00e0 del nostro fondatore<\/strong><strong> tramandata di generazione in generazione prima al figlio e poi al nipote<\/strong><strong>, <\/strong><strong>la Giamello Arredamenti <\/strong><strong>\u00e8 impegnata costantemente nella ricerca di idee e prodotti sempre pi\u00f9 innovativi, originali e soprattutto con un ottimo rapporto qualit\u00e0\/prezzo, <\/strong><strong>perch\u00e9 la qualit\u00e0 \u00e8 sempre la scelta migliore.<\/strong><\/p>\t\t\t\t\t\t\t\t<\/div>\n\t\t\t\t<\/div>\n\t\t\t\t\t<\/div>\n\t\t\t\t<\/div>\n\t\t\t\t<\/div>\n\t\t","protected":false},"excerpt":{"rendered":"<p>chi siamo Giamello Arredamenti situata a Castino, \u00e8 un\u2019azienda che si occupa della vendita di arredi , complementi e dello sviluppo di progetti di arredamento. Si rivolge a privati, aziende, attivit\u00e0 commerciali e professionisti\u00a0proponendo un servizio competente e completo, dalla consulenza e progettazione di interni, all&#8217;esecuzione dei lavori, alla fornitura di arredi di alta qualit\u00e0 [&hellip;]<\/p>\n","protected":false},"author":2,"featured_media":0,"parent":0,"menu_order":0,"comment_status":"closed","ping_status":"closed","template":"elementor_header_footer","meta":{"footnotes":""},"class_list":["post-163","page","type-page","status-publish","hentry"],"yoast_head":"<!-- This site is optimized with the Yoast SEO plugin v27.3 - https:\/\/yoast.com\/product\/yoast-seo-wordpress\/ -->\n<title>Chi Siamo - Giamello Arredamento<\/title>\n<meta name=\"robots\" content=\"index, follow, max-snippet:-1, max-image-preview:large, max-video-preview:-1\" \/>\n<link rel=\"canonical\" href=\"https:\/\/giamelloarredamenti.com\/index.php\/chi-siamo\/\" \/>\n<meta property=\"og:locale\" content=\"it_IT\" \/>\n<meta property=\"og:type\" content=\"article\" \/>\n<meta property=\"og:title\" content=\"Chi Siamo - Giamello Arredamento\" \/>\n<meta property=\"og:description\" content=\"chi siamo Giamello Arredamenti situata a Castino, \u00e8 un\u2019azienda che si occupa della vendita di arredi , complementi e dello sviluppo di progetti di arredamento. Si rivolge a privati, aziende, attivit\u00e0 commerciali e professionisti\u00a0proponendo un servizio competente e completo, dalla consulenza e progettazione di interni, all&#8217;esecuzione dei lavori, alla fornitura di arredi di alta qualit\u00e0 [&hellip;]\" \/>\n<meta property=\"og:url\" content=\"https:\/\/giamelloarredamenti.com\/index.php\/chi-siamo\/\" \/>\n<meta property=\"og:site_name\" content=\"Giamello Arredamento\" \/>\n<meta property=\"article:modified_time\" content=\"2024-01-24T08:57:17+00:00\" \/>\n<meta name=\"twitter:card\" content=\"summary_large_image\" \/>\n<meta name=\"twitter:label1\" content=\"Tempo di lettura stimato\" \/>\n\t<meta name=\"twitter:data1\" content=\"2 minuti\" \/>\n<script type=\"application\/ld+json\" class=\"yoast-schema-graph\">{\"@context\":\"https:\\\/\\\/schema.org\",\"@graph\":[{\"@type\":\"WebPage\",\"@id\":\"https:\\\/\\\/giamelloarredamenti.com\\\/index.php\\\/chi-siamo\\\/\",\"url\":\"https:\\\/\\\/giamelloarredamenti.com\\\/index.php\\\/chi-siamo\\\/\",\"name\":\"Chi Siamo - Giamello Arredamento\",\"isPartOf\":{\"@id\":\"https:\\\/\\\/giamelloarredamenti.com\\\/#website\"},\"datePublished\":\"2023-12-01T10:06:59+00:00\",\"dateModified\":\"2024-01-24T08:57:17+00:00\",\"breadcrumb\":{\"@id\":\"https:\\\/\\\/giamelloarredamenti.com\\\/index.php\\\/chi-siamo\\\/#breadcrumb\"},\"inLanguage\":\"it-IT\",\"potentialAction\":[{\"@type\":\"ReadAction\",\"target\":[\"https:\\\/\\\/giamelloarredamenti.com\\\/index.php\\\/chi-siamo\\\/\"]}]},{\"@type\":\"BreadcrumbList\",\"@id\":\"https:\\\/\\\/giamelloarredamenti.com\\\/index.php\\\/chi-siamo\\\/#breadcrumb\",\"itemListElement\":[{\"@type\":\"ListItem\",\"position\":1,\"name\":\"Home\",\"item\":\"https:\\\/\\\/giamelloarredamenti.com\\\/\"},{\"@type\":\"ListItem\",\"position\":2,\"name\":\"Chi Siamo\"}]},{\"@type\":\"WebSite\",\"@id\":\"https:\\\/\\\/giamelloarredamenti.com\\\/#website\",\"url\":\"https:\\\/\\\/giamelloarredamenti.com\\\/\",\"name\":\"Giamello Arredamento\",\"description\":\"\",\"publisher\":{\"@id\":\"https:\\\/\\\/giamelloarredamenti.com\\\/#organization\"},\"potentialAction\":[{\"@type\":\"SearchAction\",\"target\":{\"@type\":\"EntryPoint\",\"urlTemplate\":\"https:\\\/\\\/giamelloarredamenti.com\\\/?s={search_term_string}\"},\"query-input\":{\"@type\":\"PropertyValueSpecification\",\"valueRequired\":true,\"valueName\":\"search_term_string\"}}],\"inLanguage\":\"it-IT\"},{\"@type\":\"Organization\",\"@id\":\"https:\\\/\\\/giamelloarredamenti.com\\\/#organization\",\"name\":\"Giamello Arredamento\",\"url\":\"https:\\\/\\\/giamelloarredamenti.com\\\/\",\"logo\":{\"@type\":\"ImageObject\",\"inLanguage\":\"it-IT\",\"@id\":\"https:\\\/\\\/giamelloarredamenti.com\\\/#\\\/schema\\\/logo\\\/image\\\/\",\"url\":\"https:\\\/\\\/giamelloarredamenti.com\\\/wp-content\\\/uploads\\\/2023\\\/10\\\/Giamello_logo_small.png\",\"contentUrl\":\"https:\\\/\\\/giamelloarredamenti.com\\\/wp-content\\\/uploads\\\/2023\\\/10\\\/Giamello_logo_small.png\",\"width\":376,\"height\":122,\"caption\":\"Giamello Arredamento\"},\"image\":{\"@id\":\"https:\\\/\\\/giamelloarredamenti.com\\\/#\\\/schema\\\/logo\\\/image\\\/\"}}]}<\/script>\n<!-- \/ Yoast SEO plugin. -->","yoast_head_json":{"title":"Chi Siamo - Giamello Arredamento","robots":{"index":"index","follow":"follow","max-snippet":"max-snippet:-1","max-image-preview":"max-image-preview:large","max-video-preview":"max-video-preview:-1"},"canonical":"https:\/\/giamelloarredamenti.com\/index.php\/chi-siamo\/","og_locale":"it_IT","og_type":"article","og_title":"Chi Siamo - Giamello Arredamento","og_description":"chi siamo Giamello Arredamenti situata a Castino, \u00e8 un\u2019azienda che si occupa della vendita di arredi , complementi e dello sviluppo di progetti di arredamento. Si rivolge a privati, aziende, attivit\u00e0 commerciali e professionisti\u00a0proponendo un servizio competente e completo, dalla consulenza e progettazione di interni, all&#8217;esecuzione dei lavori, alla fornitura di arredi di alta qualit\u00e0 [&hellip;]","og_url":"https:\/\/giamelloarredamenti.com\/index.php\/chi-siamo\/","og_site_name":"Giamello Arredamento","article_modified_time":"2024-01-24T08:57:17+00:00","twitter_card":"summary_large_image","twitter_misc":{"Tempo di lettura stimato":"2 minuti"},"schema":{"@context":"https:\/\/schema.org","@graph":[{"@type":"WebPage","@id":"https:\/\/giamelloarredamenti.com\/index.php\/chi-siamo\/","url":"https:\/\/giamelloarredamenti.com\/index.php\/chi-siamo\/","name":"Chi Siamo - Giamello Arredamento","isPartOf":{"@id":"https:\/\/giamelloarredamenti.com\/#website"},"datePublished":"2023-12-01T10:06:59+00:00","dateModified":"2024-01-24T08:57:17+00:00","breadcrumb":{"@id":"https:\/\/giamelloarredamenti.com\/index.php\/chi-siamo\/#breadcrumb"},"inLanguage":"it-IT","potentialAction":[{"@type":"ReadAction","target":["https:\/\/giamelloarredamenti.com\/index.php\/chi-siamo\/"]}]},{"@type":"BreadcrumbList","@id":"https:\/\/giamelloarredamenti.com\/index.php\/chi-siamo\/#breadcrumb","itemListElement":[{"@type":"ListItem","position":1,"name":"Home","item":"https:\/\/giamelloarredamenti.com\/"},{"@type":"ListItem","position":2,"name":"Chi Siamo"}]},{"@type":"WebSite","@id":"https:\/\/giamelloarredamenti.com\/#website","url":"https:\/\/giamelloarredamenti.com\/","name":"Giamello Arredamento","description":"","publisher":{"@id":"https:\/\/giamelloarredamenti.com\/#organization"},"potentialAction":[{"@type":"SearchAction","target":{"@type":"EntryPoint","urlTemplate":"https:\/\/giamelloarredamenti.com\/?s={search_term_string}"},"query-input":{"@type":"PropertyValueSpecification","valueRequired":true,"valueName":"search_term_string"}}],"inLanguage":"it-IT"},{"@type":"Organization","@id":"https:\/\/giamelloarredamenti.com\/#organization","name":"Giamello Arredamento","url":"https:\/\/giamelloarredamenti.com\/","logo":{"@type":"ImageObject","inLanguage":"it-IT","@id":"https:\/\/giamelloarredamenti.com\/#\/schema\/logo\/image\/","url":"https:\/\/giamelloarredamenti.com\/wp-content\/uploads\/2023\/10\/Giamello_logo_small.png","contentUrl":"https:\/\/giamelloarredamenti.com\/wp-content\/uploads\/2023\/10\/Giamello_logo_small.png","width":376,"height":122,"caption":"Giamello Arredamento"},"image":{"@id":"https:\/\/giamelloarredamenti.com\/#\/schema\/logo\/image\/"}}]}},"_links":{"self":[{"href":"https:\/\/giamelloarredamenti.com\/index.php\/wp-json\/wp\/v2\/pages\/163","targetHints":{"allow":["GET"]}}],"collection":[{"href":"https:\/\/giamelloarredamenti.com\/index.php\/wp-json\/wp\/v2\/pages"}],"about":[{"href":"https:\/\/giamelloarredamenti.com\/index.php\/wp-json\/wp\/v2\/types\/page"}],"author":[{"embeddable":true,"href":"https:\/\/giamelloarredamenti.com\/index.php\/wp-json\/wp\/v2\/users\/2"}],"replies":[{"embeddable":true,"href":"https:\/\/giamelloarredamenti.com\/index.php\/wp-json\/wp\/v2\/comments?post=163"}],"version-history":[{"count":13,"href":"https:\/\/giamelloarredamenti.com\/index.php\/wp-json\/wp\/v2\/pages\/163\/revisions"}],"predecessor-version":[{"id":2191,"href":"https:\/\/giamelloarredamenti.com\/index.php\/wp-json\/wp\/v2\/pages\/163\/revisions\/2191"}],"wp:attachment":[{"href":"https:\/\/giamelloarredamenti.com\/index.php\/wp-json\/wp\/v2\/media?parent=163"}],"curies":[{"name":"wp","href":"https:\/\/api.w.org\/{rel}","templated":true}]}}